{"id":244615,"date":"2023-07-07T06:40:55","date_gmt":"2023-07-07T05:40:55","guid":{"rendered":"https:\/\/filterpatronen-filterplatten.de\/product\/filterpatroon-325-x-1-200-mm-20-m%c2%b2-filteroppervlak-past-op-fuchtenkotter\/"},"modified":"2025-03-21T12:45:41","modified_gmt":"2025-03-21T11:45:41","slug":"filterpatroon-325-x-1-200-mm-20-m%c2%b2-filteroppervlak-past-op-fuchtenkotter","status":"publish","type":"product","link":"https:\/\/filterpatronen-filterplatten.de\/nl\/product\/filterpatroon-325-x-1-200-mm-20-m%c2%b2-filteroppervlak-past-op-fuchtenkotter\/","title":{"rendered":"Filterpatroon 325 x 1.200 mm 20 m\u00b2 filteroppervlak past op F\u00fcchtenk\u00f6tter"},"content":{"rendered":"<p>F\u00fcchtenk\u00f6tter filterpatroon alternatief:<\/p>\n<p>Ontwerp: 3-gaats flens open aan de bovenkant (LK=395 mm) en afdichting aan de bovenkant, gesloten aan de onderkant, afmetingen 325 \/ 215 x 1.200 mm, binnenkant met metalen steunkorf, buitenkant met 3 scharnieren<\/p>\n","protected":false},"excerpt":{"rendered":"<p>F\u00fcchtenk\u00f6tter filterpatroon, filterpatroon 3-gaats-395 \/ 20 m\u00b2 PolyBico NANO 325 x 1.200 mm filterklasse F7\/F8<\/p>\n","protected":false},"featured_media":244142,"template":"","meta":{"_et_pb_use_builder":"","_et_pb_old_content":"","_et_gb_content_width":""},"product_brand":[],"product_cat":[206],"product_tag":[296],"class_list":{"0":"post-244615","1":"product","2":"type-product","3":"status-publish","4":"has-post-thumbnail","6":"product_cat-filterpatronen-nl","7":"product_tag-fuchtenkotter","9":"first","10":"instock","11":"taxable","12":"shipping-taxable","13":"purchasable","14":"product-type-simple"},"tiered_pricing_type":"percentage","tiered_pricing_fixed_rules":[],"tiered_pricing_product_settings":{"layout":"default","base_unit_name":{"singular":null,"plural":null},"default_variation":null},"tiered_pricing_minimum_quantity":null,"tiered_pricing_roles_data":[],"tiered_pricing_percentage_rules":{"4":5,"10":10,"20":15},"tiered_pricing_maximum_quantity":null,"tiered_pricing_quantity_step":null,"_links":{"self":[{"href":"https:\/\/filterpatronen-filterplatten.de\/nl\/wp-json\/wp\/v2\/product\/244615","targetHints":{"allow":["GET"]}}],"collection":[{"href":"https:\/\/filterpatronen-filterplatten.de\/nl\/wp-json\/wp\/v2\/product"}],"about":[{"href":"https:\/\/filterpatronen-filterplatten.de\/nl\/wp-json\/wp\/v2\/types\/product"}],"wp:featuredmedia":[{"embeddable":true,"href":"https:\/\/filterpatronen-filterplatten.de\/nl\/wp-json\/wp\/v2\/media\/244142"}],"wp:attachment":[{"href":"https:\/\/filterpatronen-filterplatten.de\/nl\/wp-json\/wp\/v2\/media?parent=244615"}],"wp:term":[{"taxonomy":"product_brand","embeddable":true,"href":"https:\/\/filterpatronen-filterplatten.de\/nl\/wp-json\/wp\/v2\/product_brand?post=244615"},{"taxonomy":"product_cat","embeddable":true,"href":"https:\/\/filterpatronen-filterplatten.de\/nl\/wp-json\/wp\/v2\/product_cat?post=244615"},{"taxonomy":"product_tag","embeddable":true,"href":"https:\/\/filterpatronen-filterplatten.de\/nl\/wp-json\/wp\/v2\/product_tag?post=244615"}],"curies":[{"name":"wp","href":"https:\/\/api.w.org\/{rel}","templated":true}]}}