{"id":244455,"date":"2022-11-11T08:53:45","date_gmt":"2022-11-11T07:53:45","guid":{"rendered":"https:\/\/filterpatronen-filterplatten.de\/filterklassen\/"},"modified":"2025-04-24T12:58:18","modified_gmt":"2025-04-24T11:58:18","slug":"filterklassen","status":"publish","type":"page","link":"https:\/\/filterpatronen-filterplatten.de\/nl\/filterklassen\/","title":{"rendered":"Filterklassen"},"content":{"rendered":"<p>[et_pb_section fb_built=&#8221;1&#8243; _builder_version=&#8221;4.27.4&#8243; _module_preset=&#8221;default&#8221; use_background_color_gradient=&#8221;on&#8221; background_color_gradient_direction=&#8221;90deg&#8221; background_color_gradient_stops=&#8221;rgba(255,255,255,0) 0%|rgba(255,255,255,0.47) 29%|#0b1dc1 50%|rgba(255,255,255,0.43) 70%|rgba(255,255,255,0) 99%&#8221; background_color_gradient_overlays_image=&#8221;on&#8221; background_image=&#8221;https:\/\/filterpatronen-filterplatten.de\/wp-content\/uploads\/headermontage-fifiwoo2webxl.jpg&#8221; width=&#8221;100%&#8221; module_alignment=&#8221;center&#8221; height=&#8221;100%&#8221; custom_margin=&#8221;0px|0px||0px|false|false&#8221; custom_padding=&#8221;80px||80px||true|false&#8221; hover_enabled=&#8221;0&#8243; global_colors_info=&#8221;{}&#8221; sticky_enabled=&#8221;0&#8243; background_last_edited=&#8221;on|phone&#8221; background_color_gradient_stops_tablet=&#8221;rgba(255,255,255,0) 0%|rgba(255,255,255,0.47) 24%|#0b1dc1 50%|rgba(255,255,255,0.43) 76%|rgba(255,255,255,0) 99%&#8221; use_background_color_gradient_tablet=&#8221;on&#8221; background_color_gradient_stops_phone=&#8221;rgba(255,255,255,0) 0%|rgba(255,255,255,0.47) 19%|#0b1dc1 50%|rgba(255,255,255,0.43) 80%|rgba(255,255,255,0) 99%&#8221; use_background_color_gradient_phone=&#8221;on&#8221;][et_pb_row _builder_version=&#8221;4.27.4&#8243; _module_preset=&#8221;default&#8221; global_colors_info=&#8221;{}&#8221;][et_pb_column type=&#8221;4_4&#8243; _builder_version=&#8221;4.27.4&#8243; _module_preset=&#8221;default&#8221; global_colors_info=&#8221;{}&#8221;][et_pb_text _builder_version=&#8221;4.27.4&#8243; _module_preset=&#8221;90dc38b1-891f-43e3-a438-27744e4d5629&#8243; global_colors_info=&#8221;{}&#8221;]<\/p>\n<h1>Filterklassen<\/h1>\n<p>[\/et_pb_text][\/et_pb_column][\/et_pb_row][\/et_pb_section][et_pb_section fb_built=&#8221;1&#8243; admin_label=&#8221;section&#8221; _builder_version=&#8221;4.19.0&#8243; _module_preset=&#8221;default&#8221; custom_margin=&#8221;0px|0px|0px|0px|false|false&#8221; custom_padding=&#8221;0px|0px|0px|0px|false|false&#8221; global_colors_info=&#8221;{}&#8221;][et_pb_row _builder_version=&#8221;4.19.0&#8243; _module_preset=&#8221;default&#8221; global_colors_info=&#8221;{}&#8221;][et_pb_column type=&#8221;4_4&#8243; _builder_version=&#8221;4.16&#8243; _module_preset=&#8221;default&#8221; custom_padding=&#8221;|||&#8221; global_colors_info=&#8221;{}&#8221; custom_padding__hover=&#8221;|||&#8221;][et_pb_icon font_icon=&#8221;&#xf0b0;||fa||900&#8243; icon_width=&#8221;60px&#8221; align=&#8221;center&#8221; font_icon_tablet=&#8221;\uf0b0||fa||900&#8243; font_icon_phone=&#8221;\uf0b0||fa||900&#8243; font_icon_last_edited=&#8221;on|desktop&#8221; icon_color_tablet=&#8221;&#8221; icon_color_phone=&#8221;&#8221; icon_color_last_edited=&#8221;on|desktop&#8221; icon_width_tablet=&#8221;50px&#8221; _builder_version=&#8221;4.27.4&#8243; _module_preset=&#8221;f75b89d0-8f52-48b2-aedb-cdd852b0d2d4&#8243; global_colors_info=&#8221;{}&#8221;][\/et_pb_icon][et_pb_text _builder_version=&#8221;4.27.4&#8243; _module_preset=&#8221;8cf56fdf-8734-4dd9-808f-734059f8e0ea&#8221; text_font=&#8221;|600|||||||&#8221; text_text_color=&#8221;#E02B20&#8243; text_font_size=&#8221;18px&#8221; text_line_height=&#8221;1.4em&#8221; header_2_font_size=&#8221;23px&#8221; text_orientation=&#8221;center&#8221; custom_margin=&#8221;0px||||false|false&#8221; custom_padding=&#8221;40px||||false|false&#8221; text_font_size_tablet=&#8221;20px&#8221; text_font_size_phone=&#8221;20px&#8221; text_font_size_last_edited=&#8221;on|tablet&#8221; header_2_font_size_tablet=&#8221;20px&#8221; header_2_font_size_phone=&#8221;18px&#8221; global_colors_info=&#8221;{}&#8221;]<\/p>\n<h1>Filterklassen voor luchtfilters Vervangingsfilters of vervangingsfilters in filtersystemen<\/h1>\n<h2><span style=\"color: #333333;\">Waarom fijnstof zo gevaarlijk is voor mensen en wat je eraan kunt doen. <\/span>Volgens de laatste onderzoeken vallen er wereldwijd ongeveer 400.000 doden per jaar!<\/h2>\n<p>[\/et_pb_text][et_pb_image src=&#8221;https:\/\/filterpatronen-filterplatten.de\/wp-content\/uploads\/0-6581f4b0-422d-4765-9493-6b747af966c9-1024&#215;512.jpg&#8221; alt=&#8221;Filterklasse, filterklassen voor luchtfilters, fijnstof&#8221; title_text=&#8221;0-6581f4b0-422d-4765-9493-6b747af966c9-1024&#215;512&#8243; show_bottom_space=&#8221;off&#8221; src_tablet=&#8221;https:\/\/filterpatronen-filterplatten.de\/wp-content\/uploads\/0-6581f4b0-422d-4765-9493-6b747af966c9-1024&#215;512.jpg&#8221; src_phone=&#8221;https:\/\/filterpatronen-filterplatten.de\/wp-content\/uploads\/0-6581f4b0-422d-4765-9493-6b747af966c9-1024&#215;512.jpg&#8221; src_last_edited=&#8221;on|desktop&#8221; _builder_version=&#8221;4.27.4&#8243; _module_preset=&#8221;default&#8221; width=&#8221;50%&#8221; width_tablet=&#8221;&#8221; width_phone=&#8221;&#8221; width_last_edited=&#8221;on|desktop&#8221; max_width_tablet=&#8221;&#8221; max_width_phone=&#8221;&#8221; max_width_last_edited=&#8221;on|desktop&#8221; module_alignment=&#8221;center&#8221; min_height=&#8221;50%&#8221; min_height_tablet=&#8221;&#8221; min_height_phone=&#8221;&#8221; min_height_last_edited=&#8221;on|desktop&#8221; height_tablet=&#8221;&#8221; height_phone=&#8221;&#8221; height_last_edited=&#8221;on|desktop&#8221; max_height_tablet=&#8221;&#8221; max_height_phone=&#8221;&#8221; max_height_last_edited=&#8221;on|desktop&#8221; custom_margin=&#8221;40px||||false|false&#8221; module_alignment_tablet=&#8221;&#8221; module_alignment_phone=&#8221;&#8221; module_alignment_last_edited=&#8221;on|desktop&#8221; global_colors_info=&#8221;{}&#8221;][\/et_pb_image][\/et_pb_column][\/et_pb_row][et_pb_row column_structure=&#8221;1_2,1_2&#8243; _builder_version=&#8221;4.27.4&#8243; _module_preset=&#8221;default&#8221; pac_drh_enable_stacking=&#8221;pac_drh_stack_row pac_drh_stack_tab_mob&#8221; global_colors_info=&#8221;{}&#8221;][et_pb_column type=&#8221;1_2&#8243; _builder_version=&#8221;4.16&#8243; _module_preset=&#8221;default&#8221; custom_padding=&#8221;|||&#8221; global_colors_info=&#8221;{}&#8221; custom_padding__hover=&#8221;|||&#8221;][et_pb_text content_tablet=&#8221;<\/p>\n<h2>Wat is fijnstof en waarom is het zo gevaarlijk?<\/h2>\n<p>Fijnstof bestaat uit zeer kleine vaste en vloeibare deeltjes, die worden ingedeeld in verschillende deeltjesfracties. Deeltjes met een diameter tot 10 \u03bcm (PM10\/PM = particulate matter) worden fijnstof genoemd. Deeltjes met een grootte van 3-10 \u03bcm slaan neer in de neus en keel. Deeltjes van ongeveer 2,5 \u03bcm (PM2,5) zijn inhaleerbaar. Deeltjes kleiner dan 1 \u03bcm (PM1) komen zelfs via de longblaasjes in de bloedbaan terecht. De gezondheidseffecten vari\u00ebren van irritatie en ontsteking van de slijmvliezen tot schade aan de longblaasjes en verhoogde plaquevorming in de bloedvaten. Volgens de WHO kan langdurige blootstelling aan zwevende deeltjes (PM2,5) leiden tot aderverkalking, slechtere geboorten en luchtwegaandoeningen bij kinderen. Het Federaal Milieuagentschap schat dat ongeveer 47.000 sterfgevallen per jaar toe te schrijven zijn aan zwevende deeltjes.       <\/p>\n<div style=%22text-align: left;%22>\n<ul><\/ul>\n<\/div>\n<p>&#8221; content_phone=&#8221;<\/p>\n<h2>Wat is fijnstof en waarom is het zo gevaarlijk?<\/h2>\n<p>Fijnstof bestaat uit zeer kleine vaste en vloeibare deeltjes, die worden ingedeeld in verschillende deeltjesfracties. Deeltjes met een diameter tot 10 \u03bcm (PM10\/PM = particulate matter) worden fijnstof genoemd. Deeltjes met een grootte van 3-10 \u03bcm slaan neer in de neus en keel. Deeltjes van ongeveer 2,5 \u03bcm (PM2,5) zijn inhaleerbaar. Deeltjes kleiner dan 1 \u03bcm (PM1) komen zelfs via de longblaasjes in de bloedbaan terecht. De gezondheidseffecten vari\u00ebren van irritatie en ontsteking van de slijmvliezen tot schade aan de longblaasjes en verhoogde plaquevorming in de bloedvaten. Volgens de WHO kan langdurige blootstelling aan zwevende deeltjes (PM2,5) leiden tot aderverkalking, slechtere geboorten en luchtwegaandoeningen bij kinderen. Het Federaal Milieuagentschap schat dat ongeveer 47.000 sterfgevallen per jaar toe te schrijven zijn aan zwevende deeltjes.       <\/p>\n<div style=%22text-align: left;%22>\n<ul><\/ul>\n<\/div>\n<p>&#8221; content_last_edited=&#8221;on|tablet&#8221; _builder_version=&#8221;4.27.4&#8243; _module_preset=&#8221;9369079c-ce95-45be-926a-eb78effc32b8&#8243; text_line_height=&#8221;1.6em&#8221; header_2_font=&#8221;|||||||#0B1DC1|&#8221; header_2_text_color=&#8221;#0B1DC1&#8243; custom_margin=&#8221;0px||6px||false|false&#8221; global_colors_info=&#8221;{}&#8221;]<\/p>\n<h2>Wat is fijnstof en waarom is het zo gevaarlijk?<\/h2>\n<p>Fijnstof bestaat uit zeer kleine vaste en vloeibare deeltjes, die worden ingedeeld in verschillende deeltjesfracties. Deeltjes met een diameter tot 10 \u03bcm (PM10\/PM = particulate matter) worden fijnstof genoemd. Deeltjes met een grootte van 3-10 \u03bcm slaan neer in de neus en keel. Deeltjes van ongeveer 2,5 \u03bcm (PM2,5) zijn inhaleerbaar. Deeltjes kleiner dan 1 \u03bcm (PM1) komen zelfs via de longblaasjes in de bloedbaan terecht. De gezondheidseffecten vari\u00ebren van irritatie en ontsteking van de slijmvliezen tot schade aan de longblaasjes en verhoogde plaquevorming in de bloedvaten. Volgens de WHO kan langdurige blootstelling aan zwevende deeltjes (PM2,5) leiden tot aderverkalking, slechtere geboorten en luchtwegaandoeningen bij kinderen. Het Federaal Milieuagentschap schat dat ongeveer 47.000 sterfgevallen per jaar toe te schrijven zijn aan zwevende deeltjes.       <\/p>\n<div style=\"text-align: left;\">\n<ul><\/ul>\n<\/div>\n<p>[\/et_pb_text][et_pb_text _builder_version=&#8221;4.27.4&#8243; _module_preset=&#8221;9369079c-ce95-45be-926a-eb78effc32b8&#8243; text_line_height=&#8221;1.6em&#8221; header_2_font=&#8221;|||||||#0B1DC1|&#8221; header_2_text_color=&#8221;#0B1DC1&#8243; custom_margin=&#8221;25px||0px||false|false&#8221; global_colors_info=&#8221;{}&#8221;]<\/p>\n<h2>Unterscheidung der Staubklassen nach der DIN EN 60335<\/h2>\n<p>Die Klasse M wird bei fast allen g\u00e4ngigen Filterpatronen verwendet und erlaubt das Abscheiden von Feinstaub mit Arbeitsplatzgrenzwerten &gt;= 0,1 mg\/m\u00b3 bei einem max. Durchlassgrad von &lt; 0,1 %. Die Klasse H mu\u00df verwendet werden wenn Arbeitsplatzgrenzwerte &lt; 0,1 mg\/m\u00b3 und krebserregende Stoffe abgesaugt werden. Dann m\u00fcssen h\u00f6herwertige Filterpatronen mit einem max. Durchlassgrad von &lt; 0,005 % verwendet werden. Die Arbeitsplatzgrenzwerte stehen in der TRGS 900. Hiervon ausgenommen sind gepr\u00fcfte Filterger\u00e4te mit der Zulassung W3 von der IFA (Institut f\u00fcr Arbeitsschutz der deutschen gesetzlichen Unfallversicherung).<\/p>\n<div style=\"text-align: left;\">\n<ul>\n<li><a href=\"https:\/\/filterpatronen-filterplatten.de\/wp-content\/uploads\/Pinelli-Filtertechnik-IFA-Staubklassen-EN-60335-2017-1.pdf\" target=\"_blank\" rel=\"noopener noreferrer\">IFA Staubklassen EN 60335 2017<\/a><\/li>\n<li><a href=\"https:\/\/filterpatronen-filterplatten.de\/wp-content\/uploads\/Pinelli-Filtertechnik-IFA-PrAfung-Schweissrauch-2017.pdf\" target=\"_blank\" rel=\"noopener noreferrer\">IFA Pr\u00fcfung Schweissrauch 2017<\/a><\/li>\n<\/ul>\n<\/div>\n<p>[\/et_pb_text][et_pb_text _builder_version=&#8221;4.27.4&#8243; _module_preset=&#8221;9369079c-ce95-45be-926a-eb78effc32b8&#8243; text_line_height=&#8221;1.6em&#8221; header_2_font=&#8221;|||||||#0B1DC1|&#8221; header_2_text_color=&#8221;#0B1DC1&#8243; custom_margin=&#8221;22px||0px||false|false&#8221; global_colors_info=&#8221;{}&#8221;]<\/p>\n<h2>Filterklassen, Unterscheidung nach der DIN EN 1822<\/h2>\n<p>Schwebstofffilter werden immer dort eingesetzt, wo hohe und h\u00f6chste Anforderungen an die<br \/>Reinheit der Luft gestellt werden. Sie dienen prim\u00e4r zur Abscheidung von Aerosolen und toxischen\u00a0 St\u00e4uben. Aus Erfahrung und Vergleichsmessungen wei\u00df man das die Filterklasse H13 und H14 mit dem Abscheidegrad der Staubklasse H vergleichbar sind wobei H14 fast immer und H13 nicht immer die Anforderungen erf\u00fcllen.<\/p>\n<ul>\n<li><a href=\"https:\/\/filterpatronen-filterplatten.de\/wp-content\/uploads\/Pinelli-Filtertechnik-VDMA-Filterklassen-Schwebstoffilter-EN-1822-2011-1.pdf\" target=\"_blank\" rel=\"noopener noreferrer\">VDMA Filterklassen Schwebstoffilter EN 1822 2011<\/a><\/li>\n<\/ul>\n<div style=\"text-align: left;\"><\/div>\n<p>[\/et_pb_text][\/et_pb_column][et_pb_column type=&#8221;1_2&#8243; _builder_version=&#8221;4.27.4&#8243; _module_preset=&#8221;default&#8221; global_colors_info=&#8221;{}&#8221;][et_pb_text _builder_version=&#8221;4.27.4&#8243; _module_preset=&#8221;9369079c-ce95-45be-926a-eb78effc32b8&#8243; text_line_height=&#8221;1.6em&#8221; header_2_font=&#8221;|||||||#0B1DC1|&#8221; header_2_text_color=&#8221;#0B1DC1&#8243; custom_margin=&#8221;-1px||0px||false|false&#8221; global_colors_info=&#8221;{}&#8221;]<\/p>\n<h2>Regelmatige controles beschermen de gezondheid van je werknemers.<\/h2>\n<p>De eenvoudigste manier om ervoor te zorgen dat je systeem goed werkt, is door de filter- en afzuigsystemen regelmatig te controleren. Een meting door ervaren <span lang=\"en\">personeel<\/span> met de juiste meetapparatuur geeft je de zekerheid of en in welke mate er iets moet gebeuren. Ook hierbij helpen we je graag.  <\/p>\n<p>[\/et_pb_text][et_pb_text _builder_version=&#8221;4.27.4&#8243; _module_preset=&#8221;9369079c-ce95-45be-926a-eb78effc32b8&#8243; text_line_height=&#8221;1.6em&#8221; header_2_font=&#8221;|||||||#0B1DC1|&#8221; header_2_text_color=&#8221;#0B1DC1&#8243; custom_margin=&#8221;53px||0px||false|false&#8221; global_colors_info=&#8221;{}&#8221;]<\/p>\n<h2>Klassifizierung von Partikel-Luftfilter nach der\u00a0EN 779 und ab 01.07.2018 nach der ISO 16890<\/h2>\n<p>In Deutschland und Europa werden die in l\u00fcftungstechnischen Anlagen eingesetzten Grob- und Feinstaubfilter in der Regel nach der in der Norm DIN EN 779 \u201ePartikel-Luftfilter f\u00fcr die allgemeine Raumlufttechnik\u201c beschriebenen Klassifizierung ausgew\u00e4hlt. Sie beschreibt ein Pr\u00fcfverfahren, das vor rund 40 Jahren entwickelt wurde. Danach wird der Wirkungsgrad von Partikel-Luftfiltern mit einem synthetischen Aerosol bei einer einheitlichen Partikelgr\u00f6\u00dfe von 0,4 \u03bcm gepr\u00fcft. Das Ergebnis dient als Basis f\u00fcr die Einordung von Partikel-Luftfiltern in die Filterklassen M5 bis F9. Grobstaubfilter werden mithilfe eines genormten Pr\u00fcfstaubs (ASHRAE) klassifiziert.<\/p>\n<p>Die neue internationale Norm ISO 16890 schafft vier neue Filtergruppen, die sich an der Partikelgr\u00f6\u00dfe von St\u00e4uben orientieren.<br \/>ISO Coarse (Beurteilung des R\u00fcckhalteverm\u00f6gens gegen ISO A2-Staub)<br \/>ISO PM10: Feinstaub-Partikel \u2264 10 \u03bcm<br \/>ISO PM2,5: Feinstaub-Partikel \u2264 2,5 \u03bcm<br \/>ISO PM1: Feinstaub-Partikel \u2264 1 \u03bcm<\/p>\n<p>Die ISO 16890 beschreibt au\u00dferdem die Pr\u00fcfungsma\u00dfnahmen zur Ermittlung der wichtigsten Kenndaten von Luftfiltern und ersetzt nach einer \u00dcbergangsfrist ab Mitte 2018 die bisherige Pr\u00fcfnorm EN 779.<\/p>\n<p>In der Vergangenheit wurden Filter zur Klassifizierung nur mit Partikeln der Gr\u00f6\u00dfe 0,4 \u03bcm beaufschlagt und bewertet. Nun wird die Filterleistung bei drei verschiedenen Partikelfraktionen (PM1, PM2,5, PM10) gemessen. Dieses Testszenario ist geeignet, ein auf die lokal vorhandenen Feinstaub-Belastungen passendes und dem gew\u00fcnschten Abscheidegrad entsprechendes Filter gezielt auszuw\u00e4hlen.<\/p>\n<ul>\n<li><a href=\"https:\/\/filterpatronen-filterplatten.de\/wp-content\/uploads\/Pinelli-Filtertechnik-VDMA-Luftfilterinformation-2016-DE-1.pdf\" target=\"_blank\" rel=\"noopener noreferrer\">VDMA Luftfilterinformation 2016 DE<\/a><\/li>\n<\/ul>\n<p>[\/et_pb_text][\/et_pb_column][\/et_pb_row][\/et_pb_section]<\/p>\n","protected":false},"excerpt":{"rendered":"<p>FilterklassenFilterklassen voor luchtfilters Vervangingsfilters of vervangingsfilters in filtersystemen Waarom fijnstof zo gevaarlijk is voor mensen en wat je eraan kunt doen. Volgens de laatste onderzoeken vallen er wereldwijd ongeveer 400.000 doden per jaar!Wat is fijnstof en waarom is het zo gevaarlijk? Fijnstof bestaat uit zeer kleine vaste en vloeibare deeltjes, die worden ingedeeld in verschillende [&hellip;]<\/p>\n","protected":false},"author":1,"featured_media":0,"parent":0,"menu_order":3,"comment_status":"closed","ping_status":"closed","template":"","meta":{"_et_pb_use_builder":"on","_et_pb_old_content":"","_et_gb_content_width":"","footnotes":""},"class_list":["post-244455","page","type-page","status-publish","hentry"],"_links":{"self":[{"href":"https:\/\/filterpatronen-filterplatten.de\/nl\/wp-json\/wp\/v2\/pages\/244455","targetHints":{"allow":["GET"]}}],"collection":[{"href":"https:\/\/filterpatronen-filterplatten.de\/nl\/wp-json\/wp\/v2\/pages"}],"about":[{"href":"https:\/\/filterpatronen-filterplatten.de\/nl\/wp-json\/wp\/v2\/types\/page"}],"author":[{"embeddable":true,"href":"https:\/\/filterpatronen-filterplatten.de\/nl\/wp-json\/wp\/v2\/users\/1"}],"replies":[{"embeddable":true,"href":"https:\/\/filterpatronen-filterplatten.de\/nl\/wp-json\/wp\/v2\/comments?post=244455"}],"version-history":[{"count":0,"href":"https:\/\/filterpatronen-filterplatten.de\/nl\/wp-json\/wp\/v2\/pages\/244455\/revisions"}],"wp:attachment":[{"href":"https:\/\/filterpatronen-filterplatten.de\/nl\/wp-json\/wp\/v2\/media?parent=244455"}],"curies":[{"name":"wp","href":"https:\/\/api.w.org\/{rel}","templated":true}]}}