{"id":246332,"date":"2023-07-07T06:40:55","date_gmt":"2023-07-07T05:40:55","guid":{"rendered":"https:\/\/filterpatronen-filterplatten.de\/product\/filter-cartridge-325-x-1200-mm-20-m%c2%b2-filter-area-fits-fuechtenkoetter\/"},"modified":"2025-06-14T07:57:44","modified_gmt":"2025-06-14T06:57:44","slug":"filter-cartridge-325-x-1200-mm-20-m%c2%b2-filter-area-fits-fuechtenkoetter","status":"publish","type":"product","link":"https:\/\/filterpatronen-filterplatten.de\/en\/product\/filter-cartridge-325-x-1200-mm-20-m%c2%b2-filter-area-fits-fuechtenkoetter\/","title":{"rendered":"Filter cartridge 325 x 1,200 mm 20 m\u00b2 filter area fits F\u00fcchtenk\u00f6tter"},"content":{"rendered":"<p>F\u00fcchtenk\u00f6tter filter cartridge alternative:<\/p>\n<p>Design: 3-hole flange open at the top (LK=395 mm) and seal at the top, closed at the bottom, dimensions 325 \/ 215 x 1,200 mm, inside with metal support basket, outside with 3 hinges<\/p>\n","protected":false},"excerpt":{"rendered":"<p>F\u00fcchtenk\u00f6tter filter cartridge, filter cartridge 3-hole-395 \/ 20 m\u00b2 PolyBico NANO 325 x 1,200 mm filter class F7\/F8<\/p>\n","protected":false},"featured_media":246333,"template":"","meta":{"_et_pb_use_builder":"","_et_pb_old_content":"","_et_gb_content_width":""},"product_brand":[],"product_cat":[359],"product_tag":[420],"class_list":{"0":"post-246332","1":"product","2":"type-product","3":"status-publish","4":"has-post-thumbnail","6":"product_cat-filter-cartridges","7":"product_tag-fuechtenkoetter-en","9":"first","10":"instock","11":"taxable","12":"shipping-taxable","13":"purchasable","14":"product-type-simple"},"tiered_pricing_type":"percentage","tiered_pricing_fixed_rules":[],"tiered_pricing_product_settings":{"layout":"default","base_unit_name":{"singular":null,"plural":null},"default_variation":null},"tiered_pricing_minimum_quantity":null,"tiered_pricing_roles_data":[],"tiered_pricing_percentage_rules":{"4":5,"10":10,"20":15},"tiered_pricing_maximum_quantity":null,"tiered_pricing_quantity_step":null,"_links":{"self":[{"href":"https:\/\/filterpatronen-filterplatten.de\/en\/wp-json\/wp\/v2\/product\/246332","targetHints":{"allow":["GET"]}}],"collection":[{"href":"https:\/\/filterpatronen-filterplatten.de\/en\/wp-json\/wp\/v2\/product"}],"about":[{"href":"https:\/\/filterpatronen-filterplatten.de\/en\/wp-json\/wp\/v2\/types\/product"}],"wp:featuredmedia":[{"embeddable":true,"href":"https:\/\/filterpatronen-filterplatten.de\/en\/wp-json\/wp\/v2\/media\/246333"}],"wp:attachment":[{"href":"https:\/\/filterpatronen-filterplatten.de\/en\/wp-json\/wp\/v2\/media?parent=246332"}],"wp:term":[{"taxonomy":"product_brand","embeddable":true,"href":"https:\/\/filterpatronen-filterplatten.de\/en\/wp-json\/wp\/v2\/product_brand?post=246332"},{"taxonomy":"product_cat","embeddable":true,"href":"https:\/\/filterpatronen-filterplatten.de\/en\/wp-json\/wp\/v2\/product_cat?post=246332"},{"taxonomy":"product_tag","embeddable":true,"href":"https:\/\/filterpatronen-filterplatten.de\/en\/wp-json\/wp\/v2\/product_tag?post=246332"}],"curies":[{"name":"wp","href":"https:\/\/api.w.org\/{rel}","templated":true}]}}